{"id":3467,"date":"2022-07-14T13:52:42","date_gmt":"2022-07-14T16:52:42","guid":{"rendered":"https:\/\/bringhenti.com.br\/?page_id=3017"},"modified":"2022-07-14T13:52:42","modified_gmt":"2022-07-14T16:52:42","slug":"afiliados","status":"publish","type":"page","link":"https:\/\/bringhenti.com.br\/hotmart\/afiliados\/","title":{"rendered":"Afiliados"},"content":{"rendered":"<style>\/*! elementor - v3.6.7 - 03-07-2022 *\/\n.elementor-widget-image{text-align:center}.elementor-widget-image a{display:inline-block}.elementor-widget-image a img[src$=\".svg\"]{width:48px}.elementor-widget-image img{vertical-align:middle;display:inline-block}<\/style>\n<p>\t\t\t\t\t\t\t\t\t\t\t\t<img decoding=\"async\" src=\"http:\/\/mb.blog.br\/wp-content\/uploads\/2022\/06\/Logo-Afiliado-profissional.png\" title=\"\" alt=\"\" \/><br \/>\n\t\t\t<!-- Meta Pixel Code --><br \/>\n<noscript><img height=\"1\" width=\"1\" style=\"display:none\"\nsrc=\"https:\/\/www.facebook.com\/tr?id=731403718284303&#038;ev=PageView&#038;noscript=1\"\n\/><\/noscript><br \/>\n<!-- End Meta Pixel Code --><\/p>\n<style>\/*! elementor - v3.6.7 - 03-07-2022 *\/\n.elementor-heading-title{padding:0;margin:0;line-height:1}.elementor-widget-heading .elementor-heading-title[class*=elementor-size-]>a{color:inherit;font-size:inherit;line-height:inherit}.elementor-widget-heading .elementor-heading-title.elementor-size-small{font-size:15px}.elementor-widget-heading .elementor-heading-title.elementor-size-medium{font-size:19px}.elementor-widget-heading .elementor-heading-title.elementor-size-large{font-size:29px}.elementor-widget-heading .elementor-heading-title.elementor-size-xl{font-size:39px}.elementor-widget-heading .elementor-heading-title.elementor-size-xxl{font-size:59px}<\/style>\n<h2>Voc\u00ea vai aprender de uma vez por todas como iniciar e viver de seu neg\u00f3cio online do Absoluto zero!<\/h2>\n<p>Voc\u00ea vai ter acesso a estrat\u00e9gias de trafego pago e org\u00e2nico que mais tem funcionado atualmente.<\/p>\n<p>\t\t\t<a href=\"https:\/\/go.hotmart.com\/E72388886S?ap=60ea\" role=\"button\"><br \/>\n\t\t\t\t\t\tSIM, QUERO COME\u00c7AR AGORA!<br \/>\n\t\t\t\t\t<\/a><br \/>\n\t\t\t\t\t\t\t\t\t\t\t\t\t\t\t\t<a href=\"https:\/\/go.hotmart.com\/E72388886S?ap=60ea\"><br \/>\n\t\t\t\t\t\t\t<img decoding=\"async\" src=\"http:\/\/mb.blog.br\/wp-content\/uploads\/2022\/06\/payments-logo-1-24.png\" title=\"\" alt=\"\" \/>\t\t\t\t\t\t\t\t<\/a><br \/>\n\t\t<iframe title=\"Escola do Afiliado Profissional\" width=\"800\" height=\"450\" src=\"https:\/\/www.youtube.com\/embed\/iPZBsb8Iik0?feature=oembed\" frameborder=\"0\" allow=\"accelerometer; autoplay; clipboard-write; encrypted-media; gyroscope; picture-in-picture; web-share\" allowfullscreen><\/iframe><\/p>\n<h2>Conte\u00fado Aprovado<\/h2>\n<p>Voc\u00ea vai ter acesso a um curso completo de extrema qualidade com aulas em alta defini\u00e7\u00e3o.<\/p>\n<h2>Acesso imediato<\/h2>\n<p>Assim que sua inscri\u00e7\u00e3o for confirmada voc\u00ea vai receber o acesso imediatamente.<\/p>\n<h2>Curso 100% Online<\/h2>\n<p>Estude <strong>onde e quando quiser<\/strong> atrav\u00e9s do seu\u00a0 celular, tablet ou computador.<\/p>\n<h2>O Treinamento que voc\u00ea precisa para se tornar um afiliado profissional!<\/h2>\n<p>Nosso curso foi desenvolvido com muito cuidado e detalhes para praticamente todo tipo de p\u00fablico.\u00a0<strong>Desde iniciantes at\u00e9 profissionais que querem se aprimorar e aprender novas t\u00e9cnicas e estrat\u00e9gias de sucesso.<\/strong><\/p>\n<p>Muitos de nossos alunos est\u00e3o colocando em pr\u00e1tica tudo o que est\u00e3o aprendendo no <strong>Curso Escola do Afiliado Profissional<\/strong>\u00a0para\u00a0<strong>conseguir resultados mais r\u00e1pidos e constantes <\/strong>nesse mercado.<\/p>\n<p>O Curso\u00a0<strong>Escola do Afiliado Profissional<\/strong> foi pensado para que TODOS possam fazer, aprender e obter \u00f3timos resultados em pouqu\u00edssimo tempo.\u00a0<\/p>\n<style>\/*! elementor - v3.6.7 - 03-07-2022 *\/\n.e-container.e-container--row .elementor-spacer-inner{width:var(--spacer-size)}.e-container.e-container--column .elementor-spacer-inner,.elementor-column .elementor-spacer-inner{height:var(--spacer-size)}<\/style>\n<h2>Quais os Benef\u00edcios da Escola do Afiliado Profissional?<\/h2>\n<p>Nunca foi t\u00e3o f\u00e1cil se tornar um afiliado Profissional<\/p>\n<p>\t\t\t\t\t\t\t\t\t\t\t\t\t\t\t<img decoding=\"async\" src=\"http:\/\/mb.blog.br\/wp-content\/uploads\/2022\/06\/modelo-afiliado-pro-01.png\" title=\"\" alt=\"\" \/><\/p>\n<h2>Aprenda mesmo se for totalmente iniciante<\/h2>\n<p>Curso passo a passo, totalmente did\u00e1tico, n\u00e3o importa se voc\u00ea n\u00e3o possui conhecimento na \u00e1rea.<\/p>\n<p>\t\t\t\t\t\t\t\t\t\t\t\t\t\t\t<img decoding=\"async\" src=\"http:\/\/mb.blog.br\/wp-content\/uploads\/2022\/06\/modelo-afiliado-pro-03.png\" title=\"\" alt=\"\" \/><\/p>\n<h2>Aprimore suas t\u00e9cnicas e conhecimentos<\/h2>\n<p>Para voc\u00ea que j\u00e1 atua na \u00e1rea ou j\u00e1 se arrisca como afiliado e deseja evoluir e aprender novas t\u00e9cnicas.<\/p>\n<p>\t\t\t\t\t\t\t\t\t\t\t\t\t\t\t<img decoding=\"async\" src=\"http:\/\/mb.blog.br\/wp-content\/uploads\/2022\/06\/beneficio-afiliado-pro.png\" title=\"\" alt=\"\" \/><\/p>\n<h2>Consiga resultados constantes e seguros<\/h2>\n<p>Voc\u00ea vai aprender \u00e0 construir algo s\u00f3lido e totalmente pensado para curto, m\u00e9dio e longo prazo.<\/p>\n<h2>Veja o que voc\u00ea vai aprender no curso!<\/h2>\n<p>Passo a passo completo e detalhado<\/p>\n<p>\t\t\t\t\t\t\t\t\t\t\t\t\t\t\t<img decoding=\"async\" src=\"http:\/\/mb.blog.br\/wp-content\/uploads\/2022\/06\/mod-afiliado-pro-07.png\" title=\"\" alt=\"\" \/><\/p>\n<h2>M\u00f3dulo 1 &#8211; Introdu\u00e7\u00e3o<\/h2>\n<ul>\n<li>Aula 1 &#8211; Apresenta\u00e7\u00e3o e 5 Dicas Importantes<\/li>\n<\/ul>\n<p>\t\t\t\t\t\t\t\t\t\t\t\t\t\t\t<img decoding=\"async\" src=\"http:\/\/mb.blog.br\/wp-content\/uploads\/2022\/06\/mod-afiliado-pro-05.png\" title=\"\" alt=\"\" \/><\/p>\n<h2>M\u00f3dulo 2 &#8211; Instalando e Configurando Estrutura Pr\u00f3pria<\/h2>\n<ul>\n<li>Aula 2 &#8211; Entendendo o que \u00e9 Dom\u00ednio<\/li>\n<li>Aula 3 &#8211; Entendendo o que \u00e9 Hospedagem e Contratando Uma<\/li>\n<li>\u00a0Aula 4 &#8211; Instalando o WordPress, Elementor e Criando um E-mail Profissional<\/li>\n<li>Aula 5 &#8211; Configurando o E-mail Profissional no Outlook<\/li>\n<li>Aula 6 &#8211; Configurando a Estrutura Pr\u00f3pria<\/li>\n<\/ul>\n<p>\t\t\t\t\t\t\t\t\t\t\t\t\t\t\t<img decoding=\"async\" src=\"http:\/\/mb.blog.br\/wp-content\/uploads\/2022\/06\/mod-afiliado-pro-04.png\" title=\"\" alt=\"\" \/><\/p>\n<h2>M\u00f3dulo 3 &#8211; Tr\u00e1fego Pago &#8211; FB Ads<\/h2>\n<ul>\n<li>Aula 7 &#8211; Criando sua BM\u00a0<\/li>\n<li>Aula 8 &#8211; Adicionando outro Administrador no seu Gerenciador<\/li>\n<li>Aula 9 &#8211; Configurando e Verificando Pixel e Dom\u00ednio<\/li>\n<li>Aula 10 &#8211; Mensura\u00e7\u00e3o de Eventos Agregados<\/li>\n<li>Aula 11 &#8211; Criativos e CANVA<\/li>\n<li>Aula 12 &#8211; Entendendo o que \u00e9 Copy<\/li>\n<li>Aula 13 &#8211; Objetivos da Campanha<\/li>\n<li>Aula 14 &#8211; Or\u00e7amento<\/li>\n<li>Aula 15 &#8211; Direcionamento e Posicionamento<\/li>\n<li>Aula 16 &#8211; Entendendo a parte de An\u00fancio dentro dos Conjuntos<\/li>\n<li>Aula 17 &#8211; Criando a primeira Campanha<\/li>\n<li>Aula 18 &#8211; Como Evitar Bloqueios no FB Ads<\/li>\n<li>Aula 19 &#8211; Como Tentar Resolver os Bloqueios Tomados<\/li>\n<li>Aula 20 &#8211; O que fazer quando seu an\u00fancio \u00e9 rejeitado<\/li>\n<li>Aula 21 &#8211; Cria\u00e7\u00e3o de P\u00fablicos<\/li>\n<li>Aula 21 (B\u00f4nus) &#8211; Ferramenta de Encontrar P\u00fablicos<\/li>\n<li>Aula 22 &#8211; Entendendo as M\u00e9tricas<\/li>\n<li>Aula 23 &#8211; Organizando as Colunas para Analisar M\u00e9tricas<\/li>\n<li>Aula 24 &#8211; Analisando as M\u00e9tricas da Campanha<\/li>\n<li>Aula 25 &#8211; Quando Escalar ou Pausar uma Campanha<\/li>\n<li>Aula 26 &#8211; Tipos de Escala<\/li>\n<li>Aula 27 &#8211; Campanha para ter resultados investindo pouco<\/li>\n<\/ul>\n<p>\t\t\t\t\t\t\t\t\t\t\t\t\t\t\t<img decoding=\"async\" src=\"http:\/\/mb.blog.br\/wp-content\/uploads\/2022\/06\/mod-afiliado-pro-03.png\" title=\"\" alt=\"\" \/><\/p>\n<h2>M\u00f3dulo 4 &#8211; Tr\u00e1fego Org\u00e2nico &#8211; Redes Sociais<\/h2>\n<ul>\n<li>Aula 28 &#8211; Criando A Sua P\u00e1gina<\/li>\n<li>Aula 29 &#8211; Organizando suas P\u00e1ginas<\/li>\n<li>Aula 30 &#8211; Criando Lista de Palavras \u201cNegativas\u201d<\/li>\n<li>Aula 31 &#8211; A Import\u00e2ncia dos Destaques e Como Trabalhar com Eles<\/li>\n<li>Aula 32 &#8211; Tamanhos de Publica\u00e7\u00f5es<\/li>\n<li>Aula 33 &#8211; Onde conseguir ideais de Conte\u00fados<\/li>\n<li>Aula 34 &#8211; Com que Frequ\u00eancia Postar e Quais Hor\u00e1rios<\/li>\n<li>Aula 35 &#8211; Vantagens e Desvantagens do Tr\u00e1fego Org\u00e2nico<\/li>\n<\/ul>\n<p>\t\t\t\t\t\t\t\t\t\t\t\t\t\t\t<img decoding=\"async\" src=\"http:\/\/mb.blog.br\/wp-content\/uploads\/2022\/06\/mod-afiliado-pro-02.png\" title=\"\" alt=\"\" \/><\/p>\n<h2>M\u00f3dulo 5 &#8211; Tr\u00e1fego Pago &#8211; G Ads<\/h2>\n<ul>\n<li>Aula 36 &#8211; Como funciona o G Ads<\/li>\n<li>Aula 37 &#8211; Criando uma Conta no Google Ads<\/li>\n<li>Aula 38 &#8211; Instalando o Pixel na Hotmart<\/li>\n<li>Aula 39 &#8211; Encontrando Palavras-chave<\/li>\n<li>Aula 40 &#8211; Criando a primeira campanha no Google Ads<\/li>\n<li>Aula 41 &#8211; Definindo palavra-chave Negativa<\/li>\n<li>Aula 42 &#8211; Porque \u00e9 importante investir no G Ads<\/li>\n<\/ul>\n<p>\t\t\t\t\t\t\t\t\t\t\t\t\t\t\t<img decoding=\"async\" src=\"http:\/\/mb.blog.br\/wp-content\/uploads\/2022\/06\/mod-afiliado-pro-01.png\" title=\"\" alt=\"\" \/><\/p>\n<h2>M\u00f3dulo 6 &#8211; Wpp e Vendas no 1&#215;1<\/h2>\n<ul>\n<li>Aula 43 &#8211; Configurando tudo da sua Empresa no Wpp Business<\/li>\n<li>Aula 44 &#8211; Ferramenta TOP para Wpp utilizar no computador<\/li>\n<li>Aula 45 &#8211; Nomenclatura dos Contatos e Script de Vendas<\/li>\n<li>Aula 46 &#8211; Quebra de Obje\u00e7\u00f5es<\/li>\n<li>Aula 47 &#8211; Recupera\u00e7\u00e3o de Vendas<\/li>\n<\/ul>\n<p>\t\t\t\t\t\t\t\t\t\t\t\t\t\t\t<img decoding=\"async\" src=\"http:\/\/mb.blog.br\/wp-content\/uploads\/2022\/06\/mod-afiliado-pro-06.png\" title=\"\" alt=\"\" \/><\/p>\n<h2>M\u00f3dulo 7 &#8211; Finaliza\u00e7\u00e3o<\/h2>\n<ul>\n<li>Aula 48 &#8211; Agradecimento e \u00daltimo Conselho<\/li>\n<\/ul>\n<h2>E muito, muito mais!<\/h2>\n<h2>Veja o que nossos alunos dizem sobre o curso!<\/h2>\n<p>Confira os depoimentos de nossos alunos!<\/p>\n<p>\t\t\t\t\t\t\t\t\t\t\t\t\t\t\t<img decoding=\"async\" src=\"http:\/\/mb.blog.br\/wp-content\/uploads\/2022\/06\/dep-afiliado-pro-6.jpg\" title=\"\" alt=\"\" \/><br \/>\n\t\t\t\t\t\t\t\t\t\t\t\t\t\t\t<img decoding=\"async\" src=\"http:\/\/mb.blog.br\/wp-content\/uploads\/2022\/06\/dep-afiliado-pro.jpg\" title=\"\" alt=\"\" \/><br \/>\n\t\t\t\t\t\t\t\t\t\t\t\t\t\t\t<img decoding=\"async\" src=\"http:\/\/mb.blog.br\/wp-content\/uploads\/2022\/06\/dep-afiliado-pro-2.jpg\" title=\"\" alt=\"\" \/><br \/>\n\t\t\t\t\t\t\t\t\t\t\t\t\t\t\t<img decoding=\"async\" src=\"http:\/\/mb.blog.br\/wp-content\/uploads\/2022\/06\/dep-afiliado-pro-3.jpg\" title=\"\" alt=\"\" \/><br \/>\n\t\t\t\t\t\t\t\t\t\t\t\t\t\t\t<img decoding=\"async\" src=\"http:\/\/mb.blog.br\/wp-content\/uploads\/2022\/06\/dep-afiliado-pro-5.jpg\" title=\"\" alt=\"\" \/><br \/>\n\t\t\t\t\t\t\t\t\t\t\t\t\t\t\t<img decoding=\"async\" src=\"http:\/\/mb.blog.br\/wp-content\/uploads\/2022\/06\/dep-afiliado-pro-4.jpg\" title=\"\" alt=\"\" \/><\/p>\n<p>GARANTIA TOTAL DE SATISFA\u00c7\u00c3O<\/p>\n<h2>Experimente por 7 Dias!<\/h2>\n<p>N\u00e3o se preocupe, se o conte\u00fado descrito aqui n\u00e3o for o mesmo que voc\u00ea receber, voc\u00ea tem\u00a0<strong>7 dias de garantia<\/strong>\u00a0e n\u00f3s devolvemos seu dinheiro sem burocracia!<\/p>\n<p>Lembrando que seu acesso ao <strong>Curso<\/strong> <strong>Escola do Afiliado Profissional<\/strong> \u00e9 vital\u00edcio e sempre estamos incluindo novas aulas.<\/p>\n<p>\t\t\t\t\t\t\t\t\t\t\t\t\t\t\t<img decoding=\"async\" src=\"http:\/\/mb.blog.br\/wp-content\/uploads\/2022\/06\/risco-zero-express-3.png\" title=\"\" alt=\"\" \/><br \/>\n\t\t\t\t\t\t\t\t\t\t\t\t\t\t\t<img decoding=\"async\" src=\"http:\/\/mb.blog.br\/wp-content\/uploads\/2022\/06\/acesso-afiliado-pro-2.png\" title=\"\" alt=\"\" \/><\/p>\n<p>Acesso imediato e vital\u00edcio<\/p>\n<h2>Como Voc\u00ea Acessa o seu Curso?<\/h2>\n<p>Ap\u00f3s realizar o seu pedido voc\u00ea ir\u00e1 receber um e-mail contendo todos os dados e informa\u00e7\u00f5es para\u00a0<em><strong>acessar a sua \u00e1rea restrita.<\/strong><\/em><\/p>\n<p>Ao fazer o seu login voc\u00ea j\u00e1 pode iniciar seus estudos do <strong>Curso Escola do Afiliado Profissional,<\/strong> assistir as aulas dispon\u00edveis agora mesmo e come\u00e7ar a <em><b>se tornar um Afiliado de Sucesso.<\/b><\/em><\/p>\n<h2>Em d\u00favida sobre comprar pela internet?<\/h2>\n<p>ADQUIRIR NOSSO CURSO \u00c9 F\u00c1CIL E CONFI\u00c1VEL<\/p>\n<link rel=\"stylesheet\" href=\"https:\/\/bringhenti.com.br\/unido\/wp-content\/plugins\/elementor\/assets\/css\/widget-icon-box.min.css\">\n<h3>\n\t\t\t\t<\/h3>\n<p>\nDados pessoais seguros e n\u00e3o s\u00e3o compartilhados.\t\t\t\t\t<\/p>\n<h3>\n\t\t\t\t<\/h3>\n<p>\n\t\t\t\t\t\tPagamento autom\u00e1tico, r\u00e1pido e seguro.\t\t\t\t\t<\/p>\n<h3>\n\t\t\t\t<\/h3>\n<p>\n\t\t\t\t\t\tAcesso enviado para seu email Imediatamente.\t\t\t\t\t<\/p>\n<style>\/*! elementor - v3.6.7 - 03-07-2022 *\/\nbody.elementor-page .elementor-widget-menu-anchor{margin-bottom:0}<\/style>\n<h2>Oferta Especial Por Tempo Limitado!<\/h2>\n<h2>de <s>R$ 197,00<\/s> Por Apenas<\/h2>\n<h2>4x de R$ 10,60*<\/h2>\n<h2>ou \u00e0 vista por R$ 39,90<\/h2>\n<p>\t\t\t<a href=\"https:\/\/go.hotmart.com\/E72388886S?ap=60ea\" role=\"button\"><br \/>\n\t\t\t\t\t\tsim, QUERO COME\u00c7AR AGORA!<br \/>\n\t\t\t\t\t<\/a><br \/>\n\t\t\t\t\t\t\t\t\t\t\t\t\t\t\t\t<a href=\"https:\/\/go.hotmart.com\/E72388886S?ap=60ea\"><br \/>\n\t\t\t\t\t\t\t<img decoding=\"async\" src=\"http:\/\/mb.blog.br\/wp-content\/uploads\/2022\/06\/payments-logo-1-24.png\" title=\"\" alt=\"\" \/>\t\t\t\t\t\t\t\t<\/a><\/p>\n<h2><a href=\"https:\/\/escoladoafiliadoprofissional.com\/termos\">Termos &#038; Condi\u00e7\u00f5es<\/a><\/h2>\n<h2><a href=\"https:\/\/escoladoafiliadoprofissional.com\/privacidade\">Pol\u00edticas de Privacidade<\/a><\/h2>\n<h2>Escola do Afiliado Profissional &#8211; Todos os direitos Reservados<\/h2>\n<p>\t\t\t<iframe src=\"https:\/\/go.hotmart.com\/E72388886S?ap=bcb3\" style=\"width:0;height:0;border:0; border:none;\"><\/iframe><\/p>\n","protected":false},"excerpt":{"rendered":"<p>Voc\u00ea vai aprender de uma vez por todas como iniciar e viver de seu neg\u00f3cio online do Absoluto zero! Voc\u00ea vai ter acesso a estrat\u00e9gias de trafego pago e org\u00e2nico que mais tem funcionado atualmente. SIM, QUERO COME\u00c7AR AGORA! Conte\u00fado Aprovado Voc\u00ea vai ter acesso a um curso completo de extrema qualidade com aulas em [&hellip;]<\/p>\n","protected":false},"author":1,"featured_media":0,"parent":0,"menu_order":0,"comment_status":"closed","ping_status":"closed","template":"elementor_canvas","meta":{"footnotes":""},"class_list":["post-3467","page","type-page","status-publish","hentry"],"_links":{"self":[{"href":"https:\/\/bringhenti.com.br\/hotmart\/wp-json\/wp\/v2\/pages\/3467","targetHints":{"allow":["GET"]}}],"collection":[{"href":"https:\/\/bringhenti.com.br\/hotmart\/wp-json\/wp\/v2\/pages"}],"about":[{"href":"https:\/\/bringhenti.com.br\/hotmart\/wp-json\/wp\/v2\/types\/page"}],"author":[{"embeddable":true,"href":"https:\/\/bringhenti.com.br\/hotmart\/wp-json\/wp\/v2\/users\/1"}],"replies":[{"embeddable":true,"href":"https:\/\/bringhenti.com.br\/hotmart\/wp-json\/wp\/v2\/comments?post=3467"}],"version-history":[{"count":0,"href":"https:\/\/bringhenti.com.br\/hotmart\/wp-json\/wp\/v2\/pages\/3467\/revisions"}],"wp:attachment":[{"href":"https:\/\/bringhenti.com.br\/hotmart\/wp-json\/wp\/v2\/media?parent=3467"}],"curies":[{"name":"wp","href":"https:\/\/api.w.org\/{rel}","templated":true}]}}