{"id":901,"date":"2023-10-17T14:37:30","date_gmt":"2023-10-17T17:37:30","guid":{"rendered":"https:\/\/bringhenti.com.br\/amigos\/?page_id=901"},"modified":"2023-10-25T09:04:27","modified_gmt":"2023-10-25T12:04:27","slug":"suporte","status":"publish","type":"page","link":"https:\/\/bringhenti.com.br\/amigos\/suporte\/","title":{"rendered":"Suporte"},"content":{"rendered":"\t\t<div data-elementor-type=\"wp-page\" data-elementor-id=\"901\" class=\"elementor elementor-901\" data-elementor-post-type=\"page\">\n\t\t\t\t<!-- dce invisible element c984ed6 -->\t\t<\/div>\n\t\t","protected":false},"excerpt":{"rendered":"<p>In\u00edcio Minha Conta Meus Cursos Suporte Configura\u00e7\u00f5es Suporte Para entrar em contato conosco, preencha o formul\u00e1rio abaixo e clique em \u2018Enviar\u2019. Seu email ser\u00e1 respondido o mais breve poss\u00edvel.<\/p>\n","protected":false},"author":11,"featured_media":0,"parent":0,"menu_order":0,"comment_status":"closed","ping_status":"closed","template":"elementor_header_footer","meta":{"footnotes":""},"class_list":["post-901","page","type-page","status-publish","hentry"],"_links":{"self":[{"href":"https:\/\/bringhenti.com.br\/amigos\/wp-json\/wp\/v2\/pages\/901","targetHints":{"allow":["GET"]}}],"collection":[{"href":"https:\/\/bringhenti.com.br\/amigos\/wp-json\/wp\/v2\/pages"}],"about":[{"href":"https:\/\/bringhenti.com.br\/amigos\/wp-json\/wp\/v2\/types\/page"}],"author":[{"embeddable":true,"href":"https:\/\/bringhenti.com.br\/amigos\/wp-json\/wp\/v2\/users\/11"}],"replies":[{"embeddable":true,"href":"https:\/\/bringhenti.com.br\/amigos\/wp-json\/wp\/v2\/comments?post=901"}],"version-history":[{"count":3,"href":"https:\/\/bringhenti.com.br\/amigos\/wp-json\/wp\/v2\/pages\/901\/revisions"}],"predecessor-version":[{"id":1530,"href":"https:\/\/bringhenti.com.br\/amigos\/wp-json\/wp\/v2\/pages\/901\/revisions\/1530"}],"wp:attachment":[{"href":"https:\/\/bringhenti.com.br\/amigos\/wp-json\/wp\/v2\/media?parent=901"}],"curies":[{"name":"wp","href":"https:\/\/api.w.org\/{rel}","templated":true}]}}