{"id":1535,"date":"2023-10-25T09:06:57","date_gmt":"2023-10-25T12:06:57","guid":{"rendered":"https:\/\/bringhenti.com.br\/amigos\/?page_id=1535"},"modified":"2023-10-25T09:16:53","modified_gmt":"2023-10-25T12:16:53","slug":"politicas-de-privacidade","status":"publish","type":"page","link":"https:\/\/bringhenti.com.br\/amigos\/politicas-de-privacidade\/","title":{"rendered":"Pol\u00edticas de Privacidade"},"content":{"rendered":"\t\t<div data-elementor-type=\"wp-page\" data-elementor-id=\"1535\" class=\"elementor elementor-1535\" data-elementor-post-type=\"page\">\n\t\t\t\t<div class=\"elementor-element elementor-element-f004555 e-con-full e-flex e-con e-parent\" data-id=\"f004555\" data-element_type=\"container\">\n\t\t<!-- dce invisible element 5a115c2 --><div class=\"elementor-element elementor-element-80687e7 e-con-full e-flex e-con e-child\" data-id=\"80687e7\" data-element_type=\"container\" data-settings=\"{&quot;background_background&quot;:&quot;classic&quot;}\">\n\t\t<div class=\"elementor-element elementor-element-7a79ddf e-con-full e-flex e-con e-child\" data-id=\"7a79ddf\" data-element_type=\"container\" data-settings=\"{&quot;background_background&quot;:&quot;classic&quot;}\">\n\t\t\t\t<div class=\"elementor-element elementor-element-fb08e60 elementor-icon-list--layout-traditional elementor-list-item-link-full_width elementor-widget elementor-widget-icon-list\" data-id=\"fb08e60\" data-element_type=\"widget\" data-widget_type=\"icon-list.default\">\n\t\t\t\t<div class=\"elementor-widget-container\">\n\t\t\t\t\t<ul class=\"elementor-icon-list-items\">\n\t\t\t\t\t\t\t<li class=\"elementor-icon-list-item\">\n\t\t\t\t\t\t\t\t\t\t\t<span class=\"elementor-icon-list-icon\">\n\t\t\t\t\t\t\t<svg xmlns=\"http:\/\/www.w3.org\/2000\/svg\" fill=\"#ffffff\" width=\"256px\" height=\"256px\" viewBox=\"-2 0 19 19\" class=\"cf-icon-svg\" stroke=\"#ffffff\" stroke-width=\"0.133\"><g id=\"SVGRepo_bgCarrier\" stroke-width=\"0\"><\/g><g id=\"SVGRepo_tracerCarrier\" stroke-linecap=\"round\" stroke-linejoin=\"round\"><\/g><g id=\"SVGRepo_iconCarrier\"><path d=\"M14.443 4.445a1.615 1.615 0 0 1-1.613 1.614h-.506v8.396a1.615 1.615 0 0 1-1.613 1.613H2.17a1.613 1.613 0 1 1 0-3.227h.505V4.445A1.615 1.615 0 0 1 4.289 2.83h8.54a1.615 1.615 0 0 1 1.614 1.614zM2.17 14.96h7.007a1.612 1.612 0 0 1 0-1.01H2.172a.505.505 0 0 0 0 1.01zm9.045-10.515a1.62 1.62 0 0 1 .08-.505H4.29a.5.5 0 0 0-.31.107l-.002.001a.5.5 0 0 0-.193.397v8.396h6.337a.61.61 0 0 1 .6.467.632.632 0 0 1-.251.702.505.505 0 1 0 .746.445zm-.86 1.438h-5.76V6.99h5.76zm0 2.26h-5.76V9.25h5.76zm0 2.26h-5.76v1.108h5.76zm2.979-5.958a.506.506 0 0 0-.505-.505.496.496 0 0 0-.31.107h-.002a.501.501 0 0 0-.194.398v.505h.506a.506.506 0 0 0 .505-.505z\"><\/path><\/g><\/svg>\t\t\t\t\t\t<\/span>\n\t\t\t\t\t\t\t\t\t\t<span class=\"elementor-icon-list-text\">Pol\u00edticas de Privacidade<\/span>\n\t\t\t\t\t\t\t\t\t<\/li>\n\t\t\t\t\t\t<\/ul>\n\t\t\t\t<\/div>\n\t\t\t\t<\/div>\n\t\t\t\t<div class=\"elementor-element elementor-element-3570e15 elementor-widget elementor-widget-text-editor\" data-id=\"3570e15\" data-element_type=\"widget\" data-widget_type=\"text-editor.default\">\n\t\t\t\t<div class=\"elementor-widget-container\">\n\t\t\t\t\t\t\t<p>Ol\u00e1 Usu\u00e1rio!<\/p><p>Seja bem-vindo(a)!<\/p><p>Para reafirmar nosso compromisso com a seguran\u00e7a, sigilo e privacidade das informa\u00e7\u00f5es pessoais de nossos visitantes, elaboramos a presente Pol\u00edtica de Privacidade.<\/p><p>Esta Pol\u00edtica de Privacidade aplica-se a todos os produtos, servi\u00e7os e sites oferecidos pela plataforma\u00a0<strong>SUA EMPRESA<\/strong>, inclusive pelo website. Todas as suas informa\u00e7\u00f5es pessoais recolhidas, ser\u00e3o usadas para o ajudar a tornar a sua visita no nosso site a mais produtiva e agrad\u00e1vel poss\u00edvel.<\/p><p>A garantia da confidencialidade dos dados pessoais dos utilizadores do nosso site \u00e9 importante. Todas as informa\u00e7\u00f5es pessoais relativas a membros, assinantes, clientes ou visitantes que usem o site ser\u00e3o tratadas em concord\u00e2ncia com a Lei da Prote\u00e7\u00e3o de Dados Pessoais de 26 de outubro de 1998 (Lei n.\u00ba 67\/98). Se voc\u00ea tiver alguma d\u00favida sobre esta Pol\u00edtica de Privacidade, sinta-se \u00e0 vontade para entrar em contato atrav\u00e9s do formul\u00e1rio do site.<\/p><ol><li><strong>DADOS E INFORMA\u00c7\u00d5ES COLHIDAS<\/strong><\/li><\/ol><p>(i)\u00a0<strong>Informa\u00e7\u00f5es que voc\u00ea fornece:<\/strong>\u00a0quando voc\u00ea cria uma conta, n\u00f3s solicitamos suas:<\/p><p>(ii)\u00a0<strong>Informa\u00e7\u00f5es Pessoais:<\/strong> tais como, seu nome completo, e-mail, n\u00famero de telefone e\/ou telem\u00f3vel, endere\u00e7o e localiza\u00e7\u00e3o, data de nascimento, CPF, profiss\u00e3o e CRV (exclusivamente para os veterin\u00e1rios). Tais informa\u00e7\u00f5es s\u00e3o necess\u00e1rias para possibilitar a compra de produtos ou servi\u00e7os atrav\u00e9s da plataforma <strong>SUA EMPRESA<\/strong>\u00a0ou, ainda, para divulgar a sua presta\u00e7\u00e3o de servi\u00e7o ou seus produtos.<\/p><p>(iii)\u00a0<strong>Dados financeiros:<\/strong>\u00a0Esses dados ser\u00e3o coletados quando da aquisi\u00e7\u00e3o de algum produto ou servi\u00e7o, tais como: a sua institui\u00e7\u00e3o financeira, ag\u00eancia e n\u00famero de conta banc\u00e1ria, o n\u00famero do cart\u00e3o, m\u00eas e ano de validade, c\u00f3digo de seguran\u00e7a (cvv) do cart\u00e3o e CPF do titular do cart\u00e3o. Tais dados s\u00e3o necess\u00e1rios para a concretiza\u00e7\u00e3o da compra do produto ou do servi\u00e7o. Esses dados n\u00e3o ser\u00e3o vendidos ou compartilhados com qualquer terceiro.<\/p><p>(iv)\u00a0<strong>Cookies:<\/strong> quando voc\u00ea visita as p\u00e1ginas da <strong>SUA EMPRESA<\/strong>, n\u00f3s enviamos um ou mais cookies para o seu computador ou outro dispositivo. Utilizamos os cookies para melhorar a qualidade do nosso servi\u00e7o, armazenando as prefer\u00eancias do usu\u00e1rio e rastreando as suas tend\u00eancias.<\/p><p>(v)\u00a0<strong>Localiza\u00e7\u00e3o:<\/strong>\u00a0Ao utilizar o aplicativo ou portal para realizar compras e identificar as promo\u00e7\u00f5es e descontos nas lojas parceiras, voc\u00ea autoriza a coleta de dados precisos relacionados \u00e0 sua localiza\u00e7\u00e3o, mesmo que estes estejam em segundo plano. A localiza\u00e7\u00e3o aproximada do Usu\u00e1rio, poder\u00e1 ser deduzida a partir da identifica\u00e7\u00e3o do endere\u00e7o de IP. Na primeira utiliza\u00e7\u00e3o do Aplicativo, o Usu\u00e1rio receber\u00e1 uma notifica\u00e7\u00e3o em tela (\u201cPush\u201d) pedindo permiss\u00e3o para acessar os dados de localiza\u00e7\u00e3o e utiliza\u00e7\u00e3o dos dados. O Usu\u00e1rio dever\u00e1 manifestar sobre a notifica\u00e7\u00e3o, podendo conceder acesso ou n\u00e3o. Contudo, considerando que esse tipo de informa\u00e7\u00e3o \u00e9 imprescind\u00edvel para o bom funcionamento do Aplicativo, caso o Usu\u00e1rio negue acesso \u00e0 sua localiza\u00e7\u00e3o, os servi\u00e7os do Aplicativo poder\u00e3o se tornar inacess\u00edveis.<\/p><p>1.1 Com rela\u00e7\u00e3o ao item (iii), todas as informa\u00e7\u00f5es s\u00e3o criptografadas e enviadas de forma imediata pelo navegador de internet diretamente para as institui\u00e7\u00f5es respons\u00e1veis pelo processamento do pagamento. Os dados financeiros ser\u00e3o armazenados no sistema da <strong>SUA EMPRESA <\/strong>para aquisi\u00e7\u00e3o do produto ou servi\u00e7o espec\u00edfico e permanecer\u00e3o salvos para futuras compras. Em nenhuma hip\u00f3tese os dados ser\u00e3o utilizados em opera\u00e7\u00f5es distintas daquela expressamente autorizada por voc\u00ea.<\/p><p>1.2 Os pagamentos realizados em nossa plataforma s\u00e3o viabilizados e operados pela plataforma Pagseguro, sendo respons\u00e1vel pelos dados e informa\u00e7\u00f5es de pagamento requeridas e processadas.<\/p><p><strong>2.UTILIZA\u00c7\u00c3O DOS DADOS<\/strong><\/p><p>2.1 Uma das principais diretrizes da <strong>SUA EMPRESA<\/strong>\u00a0\u00e9 o respeito pelo indiv\u00edduo. Assim, temos o compromisso de manter suas informa\u00e7\u00f5es pessoais sob o mais completo sigilo, vinculando-as unicamente ao seu registro e utilizando-as para:<\/p><p>(i) Realizar a entrega e a cobran\u00e7a dos produtos e servi\u00e7os adquiridos no site, bem como a identifica\u00e7\u00e3o do respectivo destinat\u00e1rio;<\/p><p>(ii) Obter estat\u00edsticas gen\u00e9ricas para identifica\u00e7\u00e3o do perfil de nossos clientes e desenvolvimento de nossas campanhas;<\/p><p>(iii) Manuten\u00e7\u00e3o de dados e a\u00e7\u00f5es de relacionamento com o cliente, bem como a melhoria cont\u00ednua do servi\u00e7o prestado pela <strong>SUA EMPRESA<\/strong>;<\/p><p>(iv) Resolu\u00e7\u00e3o de eventuais quest\u00f5es legais relacionadas ao site.<\/p><ol start=\"3\"><li><strong>DA PROTE\u00c7\u00c3O DOS DADOS PESSOAIS<\/strong><\/li><\/ol><p>3.1 N\u00f3s implementamos e continuamente monitoramos uma s\u00e9rie de medidas para manter a seguran\u00e7a de suas informa\u00e7\u00f5es pessoais ao criar, enviar, ou acessar suas informa\u00e7\u00f5es pessoais. Nossos servidores s\u00e3o seguros e todas as informa\u00e7\u00f5es confidenciais fornecidas s\u00e3o armazenadas com seguran\u00e7a por empresa terceirizada.<\/p><p>3.2 Suas informa\u00e7\u00f5es s\u00e3o gravadas de forma criptografada em nosso banco de dados e os dados relativos a pagamento utilizados na compra nunca s\u00e3o armazenados em nossos servidores. As informa\u00e7\u00f5es ficam armazenadas em um\u00a0<em>data center,\u00a0<\/em>atrav\u00e9s da nossa parceria com a empresa CONTABO.<\/p><p>3.3 Nosso banco de dados \u00e9 equipado com mecanismos de autentica\u00e7\u00e3o de acesso aos registros, permitindo a cataloga\u00e7\u00e3o detalhada desses acessos. Assim, \u00e9 poss\u00edvel realizar a verifica\u00e7\u00e3o posterior, indicando o momento, a dura\u00e7\u00e3o, o arquivo e a identidade do funcion\u00e1rio autorizado que realizou o referido acesso aos registros.<\/p><p>3.4 Apesar desse mecanismo garantir a inviolabilidade dos dados coletados, \u00e9 importante que o Usu\u00e1rio realize procedimentos b\u00e1sicos de seguran\u00e7a em seu celular e\/ou computador, atrav\u00e9s da utiliza\u00e7\u00e3o de ferramentas como antiv\u00edrus, al\u00e9m de n\u00e3o fornecer ou informar sua senha a quaisquer terceiros.<\/p><p>3.5 N\u00f3s apenas compartilhamos suas informa\u00e7\u00f5es com nossos colaboradores, fornecedores, mediante o uso de ferramentas seguras, para que possam executar os trabalhos e servi\u00e7os previamente contratados e autorizados por voc\u00ea. Todos eles s\u00e3o proibidos de divulgar e\/ou fazer uso das informa\u00e7\u00f5es para outras finalidades. Tamb\u00e9m exigimos que sigam as melhores pr\u00e1ticas de seguran\u00e7a da informa\u00e7\u00e3o, bem como cumpram com as nossas metodologias.<\/p><ol start=\"4\"><li><strong>DOS LINKS<\/strong><\/li><\/ol><p>4.1 Essa Pol\u00edtica de Privacidade aplica-se \u00e0 plataforma <strong>SUA EMPRESA<\/strong>. Ocasionalmente, a nosso crit\u00e9rio, podemos incluir links para servi\u00e7os de terceiros em nosso site. Estes sites de terceiros t\u00eam pol\u00edticas de privacidade independentes, n\u00e3o nos responsabilizando pelas mesmas.<\/p><ol start=\"5\"><li><strong>DAS MUDAN\u00c7AS NA POL\u00cdTICA DE PRIVACIDADE<\/strong><\/li><\/ol><p>5.1 A plataforma <strong>SUA EMPRESA<\/strong>\u00a0\u00e9 constantemente aprimorado com novas funcionalidades e novos servi\u00e7os prestados. Por isso, \u00e0s vezes \u00e9 necess\u00e1rio alterar nossa Pol\u00edtica de Privacidade. Cada vez que isto acontecer, publicaremos as modifica\u00e7\u00f5es nesta p\u00e1gina e atualizaremos a data da \u00faltima modifica\u00e7\u00e3o (dispon\u00edvel no come\u00e7o da p\u00e1gina). O uso do site ap\u00f3s quaisquer altera\u00e7\u00f5es desta Pol\u00edtica de Privacidade indica sua concord\u00e2ncia com os termos revistos.<\/p><ol start=\"6\"><li><strong>DA POL\u00cdTICA DE E-MAIL MARKETING\/ AN\u00daNCIOS\/ COMUNICA\u00c7\u00c3O<\/strong><\/li><\/ol><p>6.1 O E-mail Marketing \u00e9 uma ferramenta importante para a comunica\u00e7\u00e3o com o cliente. Criar e enviar e-mail marketing exige um criterioso sistema a ser seguido, para preserva\u00e7\u00e3o da privacidade e seguran\u00e7a do cliente.<\/p><p>6.2 Ao aceitar os Termos de Uso, o usu\u00e1rio aceita receber notifica\u00e7\u00f5es por e-mail, SMS, e Push, entre outros meios (sempre com assuntos de natureza informativa ou promocional relacionados \u00e0 <strong>SUA EMPRESA<\/strong>)<\/p><p>6.3 Nos an\u00fancios, tal como outros websites, coletamos e utilizamos informa\u00e7\u00e3o contida nestes. A informa\u00e7\u00e3o contida nos an\u00fancios, inclui o seu endere\u00e7o IP (Internet Protocolo), o seu ISP (Internet Service Provider, como o Sapo, Clix ou outro), o browser que utilizou ao visitar o nosso website (como o Internet Explorer ou o Firefox), o tempo da sua visita e que p\u00e1ginas visitou dentro do nosso website. Voc\u00ea det\u00e9m o poder de desligar os seus cookies, nas op\u00e7\u00f5es do seu browser, ou efetuando altera\u00e7\u00f5es nas ferramentas de programas Anti-Virus. No entanto, isso poder\u00e1 alterar a forma como interage com o nosso website, ou outros websites. Isso poder\u00e1 afetar ou n\u00e3o permitir que fa\u00e7a logins em programas, sites ou f\u00f3runs da nossa e de outras redes<\/p><p><strong>6.4\u00a0<\/strong>Informa\u00e7\u00f5es do dispositivo utilizado poder\u00e3o ser coletadas, para a execu\u00e7\u00e3o do aplicativo, tais como: modelo do aparelho (hardware), sistema operacional, vers\u00e3o de software, n\u00famero de s\u00e9rie, identificadores de publicidade, informa\u00e7\u00f5es de rede, entre outros.<\/p><ol start=\"7\"><li><strong>DA EXCLUS\u00c3O DOS DADOS<\/strong><\/li><\/ol><p><strong>\u00a0<\/strong><\/p><p><strong>7.1 \u00c9 importante que voc\u00ea saiba que n\u00f3s s\u00f3 manteremos em nossas bases de dados informa\u00e7\u00f5es sobre voc\u00ea, se houver necessidade, como por exemplo, poder prestar nossos servi\u00e7os. Desta forma, caso voc\u00ea pare de utilizar nossos servi\u00e7os por 01 (um) ano, n\u00f3s excluiremos todos os seus dados de nossa base. Na hip\u00f3tese de realiza\u00e7\u00e3o de novo cadastro, a plataforma n\u00e3o ter\u00e1 mais os seus dados salvos,<\/strong><\/p><p><strong>\u00a0<\/strong><\/p><p>7.2 Caso voc\u00ea deseje parar de utilizar os servi\u00e7os da plataforma <strong>SUA EMPRESA<\/strong>, poder\u00e1 solicitar que todos seus dados sejam retirados e exclu\u00eddos do nosso banco de dados. Para isso, \u00e9 necess\u00e1rio enviar um e-mail atrav\u00e9s do formul\u00e1rio do site, contendo sua identifica\u00e7\u00e3o pessoal e manifesta\u00e7\u00e3o de vontade expressa. Assim que deletarmos seus dados, ser\u00e1 enviado um e-mail respondendo \u00e0 solicita\u00e7\u00e3o.<\/p><ol start=\"8\"><li><strong>DO CONSENTIMENTO<\/strong><\/li><\/ol><p>8.1 Ao utilizar nosso site, voc\u00ea concorda com a Pol\u00edtica de Privacidade contida neste documento. A nossa pol\u00edtica de privacidade n\u00e3o \u00e9 aplicada a sites de terceiros, pelo que, caso visite outro site a partir do nosso dever\u00e1 ler a pol\u00edtica de privacidade do mesmo. N\u00e3o nos responsabilizamos pela pol\u00edtica de privacidade ou conte\u00fado presente nesses mesmos sites.<\/p><ol start=\"9\"><li><strong>DOS DIREITOS DOS USU\u00c1RIOS QUANTO AOS SEUS DADOS PESSOAIS<\/strong><\/li><\/ol><p>9.1. Os usu\u00e1rios t\u00eam direito, mediante requisi\u00e7\u00e3o ao Encarregado de Prote\u00e7\u00e3o de Dados:<\/p><ol><li>Confirma\u00e7\u00e3o da exist\u00eancia de tratamento;<\/li><\/ol><ol><li>Acesso aos dados pessoais;<\/li><\/ol><p>III. Corre\u00e7\u00e3o de dados incompletos, inexatos ou desatualizados;<\/p><ol><li>Anonimiza\u00e7\u00e3o, bloqueio ou elimina\u00e7\u00e3o de dados desnecess\u00e1rios, excessivos ou tratados em desconformidade com o disposto nesta Lei;<\/li><\/ol><ol><li>Portabilidade dos dados a outro fornecedor de servi\u00e7o ou produto, mediante requisi\u00e7\u00e3o expressa, de acordo com a regulamenta\u00e7\u00e3o da ANPD;<\/li><\/ol><ol><li>Revoga\u00e7\u00e3o do consentimento e consequente elimina\u00e7\u00e3o dos dados pessoais tratados, exceto nas hip\u00f3teses previstas no art. 16 da LGPD;<\/li><\/ol><p>VII. Informa\u00e7\u00e3o das entidades p\u00fablicas e privadas com as quais o controlador realizou uso compartilhado de dados;<\/p><p>VIII. Informa\u00e7\u00e3o sobre a possibilidade de n\u00e3o fornecer consentimento e sobre as consequ\u00eancias da negativa;<\/p>\t\t\t\t\t\t<\/div>\n\t\t\t\t<\/div>\n\t\t\t\t<\/div>\n\t\t\t\t<\/div>\n\t\t\t\t<\/div>\n\t\t\t\t<\/div>\n\t\t","protected":false},"excerpt":{"rendered":"<p>In\u00edcio Minha Conta Meus Cursos Suporte Configura\u00e7\u00f5es Pol\u00edticas de Privacidade Ol\u00e1 Usu\u00e1rio! Seja bem-vindo(a)! Para reafirmar nosso compromisso com a seguran\u00e7a, sigilo e privacidade das informa\u00e7\u00f5es pessoais de nossos visitantes, elaboramos a presente Pol\u00edtica de Privacidade. Esta Pol\u00edtica de Privacidade aplica-se a todos os produtos, servi\u00e7os e sites oferecidos pela plataforma\u00a0SUA EMPRESA, inclusive pelo website. [&hellip;]<\/p>\n","protected":false},"author":11,"featured_media":0,"parent":0,"menu_order":0,"comment_status":"closed","ping_status":"closed","template":"elementor_header_footer","meta":{"footnotes":""},"class_list":["post-1535","page","type-page","status-publish","hentry"],"_links":{"self":[{"href":"https:\/\/bringhenti.com.br\/amigos\/wp-json\/wp\/v2\/pages\/1535","targetHints":{"allow":["GET"]}}],"collection":[{"href":"https:\/\/bringhenti.com.br\/amigos\/wp-json\/wp\/v2\/pages"}],"about":[{"href":"https:\/\/bringhenti.com.br\/amigos\/wp-json\/wp\/v2\/types\/page"}],"author":[{"embeddable":true,"href":"https:\/\/bringhenti.com.br\/amigos\/wp-json\/wp\/v2\/users\/11"}],"replies":[{"embeddable":true,"href":"https:\/\/bringhenti.com.br\/amigos\/wp-json\/wp\/v2\/comments?post=1535"}],"version-history":[{"count":13,"href":"https:\/\/bringhenti.com.br\/amigos\/wp-json\/wp\/v2\/pages\/1535\/revisions"}],"predecessor-version":[{"id":1550,"href":"https:\/\/bringhenti.com.br\/amigos\/wp-json\/wp\/v2\/pages\/1535\/revisions\/1550"}],"wp:attachment":[{"href":"https:\/\/bringhenti.com.br\/amigos\/wp-json\/wp\/v2\/media?parent=1535"}],"curies":[{"name":"wp","href":"https:\/\/api.w.org\/{rel}","templated":true}]}}